{"id":90,"date":"2024-03-03T22:48:16","date_gmt":"2024-03-03T22:48:16","guid":{"rendered":"https:\/\/wunuthemefeedback.wunu.dev\/?page_id=90"},"modified":"2025-04-03T13:30:08","modified_gmt":"2025-04-03T13:30:08","slug":"weiterer-punkt","status":"publish","type":"page","link":"https:\/\/wunuthemefeedback.wunu.dev\/index.php\/weiterer-punkt\/","title":{"rendered":"Weiterer Punkt"},"content":{"rendered":"","protected":false},"excerpt":{"rendered":"","protected":false},"author":2,"featured_media":0,"parent":0,"menu_order":0,"comment_status":"closed","ping_status":"closed","template":"","meta":{"_acf_changed":false,"footnotes":""},"class_list":["post-90","page","type-page","status-publish","hentry"],"acf":{"headerbanner":{"kein_headerbild":false,"headergrose":"niedrig","sticky_header":false,"videoheader":false,"headerbilder":[{"desktop_bild":{"ID":44,"id":44,"title":"headerinvert3000x1500","filename":"headerinvert3000x1500.jpg","filesize":1551710,"url":"https:\/\/wunuthemefeedback.wunu.dev\/wp-content\/uploads\/2024\/03\/headerinvert3000x1500.jpg","link":"https:\/\/wunuthemefeedback.wunu.dev\/index.php\/sample-page\/headerinvert3000x1500\/","alt":"","author":"3","description":"Beschreibung","caption":"","name":"headerinvert3000x1500","status":"inherit","uploaded_to":2,"date":"2024-03-01 10:36:26","modified":"2024-07-11 14:41:56","menu_order":0,"mime_type":"image\/jpeg","type":"image","subtype":"jpeg","icon":"https:\/\/wunuthemefeedback.wunu.dev\/wp-includes\/images\/media\/default.png","width":3000,"height":1500,"sizes":{"thumbnail":"https:\/\/wunuthemefeedback.wunu.dev\/wp-content\/uploads\/2024\/03\/headerinvert3000x1500-150x150.jpg","thumbnail-width":150,"thumbnail-height":150,"medium":"https:\/\/wunuthemefeedback.wunu.dev\/wp-content\/uploads\/2024\/03\/headerinvert3000x1500-300x150.jpg","medium-width":300,"medium-height":150,"medium_large":"https:\/\/wunuthemefeedback.wunu.dev\/wp-content\/uploads\/2024\/03\/headerinvert3000x1500-768x384.jpg","medium_large-width":640,"medium_large-height":320,"large":"https:\/\/wunuthemefeedback.wunu.dev\/wp-content\/uploads\/2024\/03\/headerinvert3000x1500-1024x512.jpg","large-width":640,"large-height":320,"1536x1536":"https:\/\/wunuthemefeedback.wunu.dev\/wp-content\/uploads\/2024\/03\/headerinvert3000x1500-1536x768.jpg","1536x1536-width":1536,"1536x1536-height":768,"2048x2048":"https:\/\/wunuthemefeedback.wunu.dev\/wp-content\/uploads\/2024\/03\/headerinvert3000x1500-2048x1024.jpg","2048x2048-width":2048,"2048x2048-height":1024,"header-desktop":"https:\/\/wunuthemefeedback.wunu.dev\/wp-content\/uploads\/2024\/03\/headerinvert3000x1500.jpg","header-desktop-width":2990,"header-desktop-height":1495,"header-mobil":"https:\/\/wunuthemefeedback.wunu.dev\/wp-content\/uploads\/2024\/03\/headerinvert3000x1500-990x495.jpg","header-mobil-width":990,"header-mobil-height":495,"galerie":"https:\/\/wunuthemefeedback.wunu.dev\/wp-content\/uploads\/2024\/03\/headerinvert3000x1500-991x838.jpg","galerie-width":991,"galerie-height":838,"vierspaltig":"https:\/\/wunuthemefeedback.wunu.dev\/wp-content\/uploads\/2024\/03\/headerinvert3000x1500-989x763.jpg","vierspaltig-width":989,"vierspaltig-height":763,"vollbild-desktop-large":"https:\/\/wunuthemefeedback.wunu.dev\/wp-content\/uploads\/2024\/03\/headerinvert3000x1500-2990x1495.jpg","vollbild-desktop-large-width":2990,"vollbild-desktop-large-height":1495,"vollbild-desktop":"https:\/\/wunuthemefeedback.wunu.dev\/wp-content\/uploads\/2024\/03\/headerinvert3000x1500-2000x1000.jpg","vollbild-desktop-width":2000,"vollbild-desktop-height":1000,"vollbild-mobil":"https:\/\/wunuthemefeedback.wunu.dev\/wp-content\/uploads\/2024\/03\/headerinvert3000x1500-991x496.jpg","vollbild-mobil-width":991,"vollbild-mobil-height":496,"custom-logo":"https:\/\/wunuthemefeedback.wunu.dev\/wp-content\/uploads\/2024\/03\/headerinvert3000x1500-798x399.jpg","custom-logo-width":798,"custom-logo-height":399,"map-icon":"https:\/\/wunuthemefeedback.wunu.dev\/wp-content\/uploads\/2024\/03\/headerinvert3000x1500-50x25.jpg","map-icon-width":50,"map-icon-height":25}},"x-ausrichtung_desktop":"center","y-ausrichtung_desktop":"center","mobiles_bild":{"ID":28,"id":28,"title":"header3000x1500","filename":"header3000x1500.jpg","filesize":1548640,"url":"https:\/\/wunuthemefeedback.wunu.dev\/wp-content\/uploads\/2024\/03\/header3000x1500.jpg","link":"https:\/\/wunuthemefeedback.wunu.dev\/index.php\/sample-page\/header3000x1500\/","alt":"Alternativtext","author":"3","description":"Beschreibung","caption":"Beschriftung","name":"header3000x1500","status":"inherit","uploaded_to":2,"date":"2024-03-01 09:58:01","modified":"2025-04-03 12:40:34","menu_order":0,"mime_type":"image\/jpeg","type":"image","subtype":"jpeg","icon":"https:\/\/wunuthemefeedback.wunu.dev\/wp-includes\/images\/media\/default.png","width":3000,"height":1500,"sizes":{"thumbnail":"https:\/\/wunuthemefeedback.wunu.dev\/wp-content\/uploads\/2024\/03\/header3000x1500-150x150.jpg","thumbnail-width":150,"thumbnail-height":150,"medium":"https:\/\/wunuthemefeedback.wunu.dev\/wp-content\/uploads\/2024\/03\/header3000x1500-300x150.jpg","medium-width":300,"medium-height":150,"medium_large":"https:\/\/wunuthemefeedback.wunu.dev\/wp-content\/uploads\/2024\/03\/header3000x1500-768x384.jpg","medium_large-width":640,"medium_large-height":320,"large":"https:\/\/wunuthemefeedback.wunu.dev\/wp-content\/uploads\/2024\/03\/header3000x1500-1024x512.jpg","large-width":640,"large-height":320,"1536x1536":"https:\/\/wunuthemefeedback.wunu.dev\/wp-content\/uploads\/2024\/03\/header3000x1500-1536x768.jpg","1536x1536-width":1536,"1536x1536-height":768,"2048x2048":"https:\/\/wunuthemefeedback.wunu.dev\/wp-content\/uploads\/2024\/03\/header3000x1500-2048x1024.jpg","2048x2048-width":2048,"2048x2048-height":1024,"header-desktop":"https:\/\/wunuthemefeedback.wunu.dev\/wp-content\/uploads\/2024\/03\/header3000x1500.jpg","header-desktop-width":2990,"header-desktop-height":1495,"header-mobil":"https:\/\/wunuthemefeedback.wunu.dev\/wp-content\/uploads\/2024\/03\/header3000x1500-990x495.jpg","header-mobil-width":990,"header-mobil-height":495,"galerie":"https:\/\/wunuthemefeedback.wunu.dev\/wp-content\/uploads\/2024\/03\/header3000x1500-991x838.jpg","galerie-width":991,"galerie-height":838,"vierspaltig":"https:\/\/wunuthemefeedback.wunu.dev\/wp-content\/uploads\/2024\/03\/header3000x1500-989x763.jpg","vierspaltig-width":989,"vierspaltig-height":763,"vollbild-desktop-large":"https:\/\/wunuthemefeedback.wunu.dev\/wp-content\/uploads\/2024\/03\/header3000x1500-2990x1495.jpg","vollbild-desktop-large-width":2990,"vollbild-desktop-large-height":1495,"vollbild-desktop":"https:\/\/wunuthemefeedback.wunu.dev\/wp-content\/uploads\/2024\/03\/header3000x1500-2000x1000.jpg","vollbild-desktop-width":2000,"vollbild-desktop-height":1000,"vollbild-mobil":"https:\/\/wunuthemefeedback.wunu.dev\/wp-content\/uploads\/2024\/03\/header3000x1500-991x496.jpg","vollbild-mobil-width":991,"vollbild-mobil-height":496,"custom-logo":"https:\/\/wunuthemefeedback.wunu.dev\/wp-content\/uploads\/2024\/03\/header3000x1500-798x399.jpg","custom-logo-width":798,"custom-logo-height":399,"map-icon":"https:\/\/wunuthemefeedback.wunu.dev\/wp-content\/uploads\/2024\/03\/header3000x1500-50x25.jpg","map-icon-width":50,"map-icon-height":25}},"x-ausrichtung_mobil":"center","y-ausrichtung_mobil":"center"}],"bildwechsel":"slide","slider_automatisch_abspielen":false,"anzeigedauer":"2.5","geschwindigkeit":"2.5","videos":{"desktop":false,"desktop_bild":false,"mobil":false,"mobiles_bild":false}},"flexible_inhalte":[{"acf_fc_layout":"highlightbox","highlightbox":{"reduzierte_einstellungen":{"farben":"normal"},"hintergrundbild_desktop":{"ID":28,"id":28,"title":"header3000x1500","filename":"header3000x1500.jpg","filesize":1548640,"url":"https:\/\/wunuthemefeedback.wunu.dev\/wp-content\/uploads\/2024\/03\/header3000x1500.jpg","link":"https:\/\/wunuthemefeedback.wunu.dev\/index.php\/sample-page\/header3000x1500\/","alt":"Alternativtext","author":"3","description":"Beschreibung","caption":"Beschriftung","name":"header3000x1500","status":"inherit","uploaded_to":2,"date":"2024-03-01 09:58:01","modified":"2025-04-03 12:40:34","menu_order":0,"mime_type":"image\/jpeg","type":"image","subtype":"jpeg","icon":"https:\/\/wunuthemefeedback.wunu.dev\/wp-includes\/images\/media\/default.png","width":3000,"height":1500,"sizes":{"thumbnail":"https:\/\/wunuthemefeedback.wunu.dev\/wp-content\/uploads\/2024\/03\/header3000x1500-150x150.jpg","thumbnail-width":150,"thumbnail-height":150,"medium":"https:\/\/wunuthemefeedback.wunu.dev\/wp-content\/uploads\/2024\/03\/header3000x1500-300x150.jpg","medium-width":300,"medium-height":150,"medium_large":"https:\/\/wunuthemefeedback.wunu.dev\/wp-content\/uploads\/2024\/03\/header3000x1500-768x384.jpg","medium_large-width":640,"medium_large-height":320,"large":"https:\/\/wunuthemefeedback.wunu.dev\/wp-content\/uploads\/2024\/03\/header3000x1500-1024x512.jpg","large-width":640,"large-height":320,"1536x1536":"https:\/\/wunuthemefeedback.wunu.dev\/wp-content\/uploads\/2024\/03\/header3000x1500-1536x768.jpg","1536x1536-width":1536,"1536x1536-height":768,"2048x2048":"https:\/\/wunuthemefeedback.wunu.dev\/wp-content\/uploads\/2024\/03\/header3000x1500-2048x1024.jpg","2048x2048-width":2048,"2048x2048-height":1024,"header-desktop":"https:\/\/wunuthemefeedback.wunu.dev\/wp-content\/uploads\/2024\/03\/header3000x1500.jpg","header-desktop-width":2990,"header-desktop-height":1495,"header-mobil":"https:\/\/wunuthemefeedback.wunu.dev\/wp-content\/uploads\/2024\/03\/header3000x1500-990x495.jpg","header-mobil-width":990,"header-mobil-height":495,"galerie":"https:\/\/wunuthemefeedback.wunu.dev\/wp-content\/uploads\/2024\/03\/header3000x1500-991x838.jpg","galerie-width":991,"galerie-height":838,"vierspaltig":"https:\/\/wunuthemefeedback.wunu.dev\/wp-content\/uploads\/2024\/03\/header3000x1500-989x763.jpg","vierspaltig-width":989,"vierspaltig-height":763,"vollbild-desktop-large":"https:\/\/wunuthemefeedback.wunu.dev\/wp-content\/uploads\/2024\/03\/header3000x1500-2990x1495.jpg","vollbild-desktop-large-width":2990,"vollbild-desktop-large-height":1495,"vollbild-desktop":"https:\/\/wunuthemefeedback.wunu.dev\/wp-content\/uploads\/2024\/03\/header3000x1500-2000x1000.jpg","vollbild-desktop-width":2000,"vollbild-desktop-height":1000,"vollbild-mobil":"https:\/\/wunuthemefeedback.wunu.dev\/wp-content\/uploads\/2024\/03\/header3000x1500-991x496.jpg","vollbild-mobil-width":991,"vollbild-mobil-height":496,"custom-logo":"https:\/\/wunuthemefeedback.wunu.dev\/wp-content\/uploads\/2024\/03\/header3000x1500-798x399.jpg","custom-logo-width":798,"custom-logo-height":399,"map-icon":"https:\/\/wunuthemefeedback.wunu.dev\/wp-content\/uploads\/2024\/03\/header3000x1500-50x25.jpg","map-icon-width":50,"map-icon-height":25}},"hintergrundbild_mobil":{"ID":28,"id":28,"title":"header3000x1500","filename":"header3000x1500.jpg","filesize":1548640,"url":"https:\/\/wunuthemefeedback.wunu.dev\/wp-content\/uploads\/2024\/03\/header3000x1500.jpg","link":"https:\/\/wunuthemefeedback.wunu.dev\/index.php\/sample-page\/header3000x1500\/","alt":"Alternativtext","author":"3","description":"Beschreibung","caption":"Beschriftung","name":"header3000x1500","status":"inherit","uploaded_to":2,"date":"2024-03-01 09:58:01","modified":"2025-04-03 12:40:34","menu_order":0,"mime_type":"image\/jpeg","type":"image","subtype":"jpeg","icon":"https:\/\/wunuthemefeedback.wunu.dev\/wp-includes\/images\/media\/default.png","width":3000,"height":1500,"sizes":{"thumbnail":"https:\/\/wunuthemefeedback.wunu.dev\/wp-content\/uploads\/2024\/03\/header3000x1500-150x150.jpg","thumbnail-width":150,"thumbnail-height":150,"medium":"https:\/\/wunuthemefeedback.wunu.dev\/wp-content\/uploads\/2024\/03\/header3000x1500-300x150.jpg","medium-width":300,"medium-height":150,"medium_large":"https:\/\/wunuthemefeedback.wunu.dev\/wp-content\/uploads\/2024\/03\/header3000x1500-768x384.jpg","medium_large-width":640,"medium_large-height":320,"large":"https:\/\/wunuthemefeedback.wunu.dev\/wp-content\/uploads\/2024\/03\/header3000x1500-1024x512.jpg","large-width":640,"large-height":320,"1536x1536":"https:\/\/wunuthemefeedback.wunu.dev\/wp-content\/uploads\/2024\/03\/header3000x1500-1536x768.jpg","1536x1536-width":1536,"1536x1536-height":768,"2048x2048":"https:\/\/wunuthemefeedback.wunu.dev\/wp-content\/uploads\/2024\/03\/header3000x1500-2048x1024.jpg","2048x2048-width":2048,"2048x2048-height":1024,"header-desktop":"https:\/\/wunuthemefeedback.wunu.dev\/wp-content\/uploads\/2024\/03\/header3000x1500.jpg","header-desktop-width":2990,"header-desktop-height":1495,"header-mobil":"https:\/\/wunuthemefeedback.wunu.dev\/wp-content\/uploads\/2024\/03\/header3000x1500-990x495.jpg","header-mobil-width":990,"header-mobil-height":495,"galerie":"https:\/\/wunuthemefeedback.wunu.dev\/wp-content\/uploads\/2024\/03\/header3000x1500-991x838.jpg","galerie-width":991,"galerie-height":838,"vierspaltig":"https:\/\/wunuthemefeedback.wunu.dev\/wp-content\/uploads\/2024\/03\/header3000x1500-989x763.jpg","vierspaltig-width":989,"vierspaltig-height":763,"vollbild-desktop-large":"https:\/\/wunuthemefeedback.wunu.dev\/wp-content\/uploads\/2024\/03\/header3000x1500-2990x1495.jpg","vollbild-desktop-large-width":2990,"vollbild-desktop-large-height":1495,"vollbild-desktop":"https:\/\/wunuthemefeedback.wunu.dev\/wp-content\/uploads\/2024\/03\/header3000x1500-2000x1000.jpg","vollbild-desktop-width":2000,"vollbild-desktop-height":1000,"vollbild-mobil":"https:\/\/wunuthemefeedback.wunu.dev\/wp-content\/uploads\/2024\/03\/header3000x1500-991x496.jpg","vollbild-mobil-width":991,"vollbild-mobil-height":496,"custom-logo":"https:\/\/wunuthemefeedback.wunu.dev\/wp-content\/uploads\/2024\/03\/header3000x1500-798x399.jpg","custom-logo-width":798,"custom-logo-height":399,"map-icon":"https:\/\/wunuthemefeedback.wunu.dev\/wp-content\/uploads\/2024\/03\/header3000x1500-50x25.jpg","map-icon-width":50,"map-icon-height":25}},"ausrichtungen":{"desktop":{"text":"zentriert"},"mobil":{"text":"zentriert"}},"headline":"\u00dcberschrift","text":"<p>Die Highlightbox funktioniert am besten mit einer kurzen Beschreibung (max. empfohlene Textl\u00e4nge: 65 W\u00f6rter)<\/p>\n","button":{"title":"noch ein Punkt","url":"https:\/\/wunuthemefeedback.wunu.dev\/index.php\/noch-ein-punkt\/","target":""}}}]},"_links":{"self":[{"href":"https:\/\/wunuthemefeedback.wunu.dev\/index.php\/wp-json\/wp\/v2\/pages\/90","targetHints":{"allow":["GET"]}}],"collection":[{"href":"https:\/\/wunuthemefeedback.wunu.dev\/index.php\/wp-json\/wp\/v2\/pages"}],"about":[{"href":"https:\/\/wunuthemefeedback.wunu.dev\/index.php\/wp-json\/wp\/v2\/types\/page"}],"author":[{"embeddable":true,"href":"https:\/\/wunuthemefeedback.wunu.dev\/index.php\/wp-json\/wp\/v2\/users\/2"}],"replies":[{"embeddable":true,"href":"https:\/\/wunuthemefeedback.wunu.dev\/index.php\/wp-json\/wp\/v2\/comments?post=90"}],"version-history":[{"count":51,"href":"https:\/\/wunuthemefeedback.wunu.dev\/index.php\/wp-json\/wp\/v2\/pages\/90\/revisions"}],"predecessor-version":[{"id":463,"href":"https:\/\/wunuthemefeedback.wunu.dev\/index.php\/wp-json\/wp\/v2\/pages\/90\/revisions\/463"}],"wp:attachment":[{"href":"https:\/\/wunuthemefeedback.wunu.dev\/index.php\/wp-json\/wp\/v2\/media?parent=90"}],"curies":[{"name":"wp","href":"https:\/\/api.w.org\/{rel}","templated":true}]}}